{"id":11,"date":"2015-09-08T16:45:07","date_gmt":"2015-09-08T16:45:07","guid":{"rendered":"http:\/\/localhost:8888\/construction\/?page_id=11"},"modified":"2022-03-24T15:14:34","modified_gmt":"2022-03-24T12:14:34","slug":"front-page","status":"publish","type":"page","link":"https:\/\/www.aycekirdekci.com.tr\/tur\/","title":{"rendered":"Front Page"},"content":{"rendered":"<div id=\"pl-11\"  class=\"panel-layout\" ><div id=\"pg-11-0\"  class=\"panel-grid panel-has-style\" ><div class=\"siteorigin-panels-stretch panel-row-style panel-row-style-for-11-0\" data-stretch-type=\"full\" ><div id=\"pgc-11-0-0\"  class=\"panel-grid-cell\" ><div id=\"panel-11-0-0-0\" class=\"so-panel widget widget_black-studio-tinymce widget_black_studio_tinymce panel-first-child panel-last-child\" data-index=\"0\" ><div class=\"border-box panel-widget-style panel-widget-style-for-11-0-0-0\" ><h3 class=\"widget-title\"><span class=\"light\">Kaliteli<\/span> Tar\u0131m \u00dcr\u00fcnleri<\/h3><div class=\"textwidget\"><p>Sat\u0131\u015f\u0131n\u0131 ger\u00e7ekletirmi\u015f oldu\u011fumuz \u00fcr\u00fcnlerin tamam\u0131na ait kalite kontrolleri taraf\u0131m\u0131zdan ger\u00e7ekle\u015ftirilmekte olup kalitesi Tar\u0131m ve Orman bakanl\u0131\u011f\u0131 taraf\u0131ndan onaylanmaktad\u0131r.<\/p>\n<\/div><\/div><\/div><\/div><div id=\"pgc-11-0-1\"  class=\"panel-grid-cell\" ><div id=\"panel-11-0-1-0\" class=\"so-panel widget widget_text panel-first-child panel-last-child\" data-index=\"1\" >\t\t\t<div class=\"textwidget\"><p><img loading=\"lazy\" decoding=\"async\" class=\"alignnone wp-image-7118 size-full\" src=\"https:\/\/aycekirdekci.com.tr\/tur\/wp-content\/uploads\/2019\/04\/ac.jpg\" alt=\"\" width=\"360\" height=\"240\" srcset=\"https:\/\/www.aycekirdekci.com.tr\/tur\/wp-content\/uploads\/2019\/04\/ac.jpg 360w, https:\/\/www.aycekirdekci.com.tr\/tur\/wp-content\/uploads\/2019\/04\/ac-300x200.jpg 300w\" sizes=\"auto, (max-width: 360px) 100vw, 360px\" \/><\/p>\n<h5>Siyah Ay\u00e7ekirde\u011fi<\/h5>\n<\/div>\n\t\t<\/div><\/div><div id=\"pgc-11-0-2\"  class=\"panel-grid-cell\" ><div id=\"panel-11-0-2-0\" class=\"so-panel widget widget_text panel-first-child panel-last-child\" data-index=\"2\" >\t\t\t<div class=\"textwidget\"><p><img loading=\"lazy\" decoding=\"async\" class=\"alignnone wp-image-7195 size-full\" src=\"https:\/\/aycekirdekci.com.tr\/tur\/wp-content\/uploads\/2019\/04\/acb.jpg\" alt=\"\" width=\"360\" height=\"240\" srcset=\"https:\/\/www.aycekirdekci.com.tr\/tur\/wp-content\/uploads\/2019\/04\/acb.jpg 360w, https:\/\/www.aycekirdekci.com.tr\/tur\/wp-content\/uploads\/2019\/04\/acb-300x200.jpg 300w\" sizes=\"auto, (max-width: 360px) 100vw, 360px\" \/><\/p>\n<h5>Beyaz Ay\u00e7ekirde\u011fi<\/h5>\n<\/div>\n\t\t<\/div><\/div><div id=\"pgc-11-0-3\"  class=\"panel-grid-cell\" ><div id=\"panel-11-0-3-0\" class=\"so-panel widget widget_text panel-first-child panel-last-child\" data-index=\"3\" >\t\t\t<div class=\"textwidget\"><p><img loading=\"lazy\" decoding=\"async\" class=\"alignnone wp-image-7119 size-full\" src=\"https:\/\/aycekirdekci.com.tr\/tur\/wp-content\/uploads\/2019\/04\/kc.jpg\" alt=\"\" width=\"360\" height=\"240\" srcset=\"https:\/\/www.aycekirdekci.com.tr\/tur\/wp-content\/uploads\/2019\/04\/kc.jpg 360w, https:\/\/www.aycekirdekci.com.tr\/tur\/wp-content\/uploads\/2019\/04\/kc-300x200.jpg 300w\" sizes=\"auto, (max-width: 360px) 100vw, 360px\" \/><\/p>\n<h5>Kabak\u00e7ekirde\u011fi<\/h5>\n<\/div>\n\t\t<\/div><\/div><\/div><\/div><div id=\"pg-11-1\"  class=\"panel-grid panel-no-style\" ><div id=\"pgc-11-1-0\"  class=\"panel-grid-cell\" ><div id=\"panel-11-1-0-0\" class=\"so-panel widget widget_black-studio-tinymce widget_black_studio_tinymce panel-first-child panel-last-child\" data-index=\"4\" ><h3 class=\"widget-title\"><span class=\"light\">Tanr\u0131verdi<\/span> Hakk\u0131nda<\/h3><div class=\"textwidget\"><p>Tanr\u0131verdi ay\u00e7ekirde\u011fi hakk\u0131nda k\u0131saca bilgi verecek olursak; i\u015fimize 1967 yil\u0131nda Yozgat b\u00f6lgesinde aycekirde\u011finin ekimiyle ba\u015flamistir.Tanr\u0131verdi 1990 a kadar i\u015fine bu b\u00f6lgede devam etmi\u015f olup bu y\u0131ldan itibaren i\u015f potansiyelinide geni\u015fletmek amac\u0131 ile Kayseri'ye yerlesmistir.<\/p>\n<p>Tanr\u0131verdi, Kayseri'ye yerlestikten sonra b\u00fcy\u00fcyen ve geli\u015fen piyasa \u015fartlar\u0131 kar\u015f\u0131s\u0131nda T\u00fcrkiye'nin her b\u00f6lgesinden ay\u00e7ekirde\u011fi ve kabak\u00e7ekirde\u011fi temin etmeye ba\u015flayarak pazardaki yerini alm\u0131\u015ft\u0131r.<\/p>\n<p>Konumunu daha etkin hale getirmek i\u00e7in teknolojinin \u00f6ne \u00e7\u0131kard\u0131\u011f\u0131 son sistem eleme, s\u0131n\u0131fland\u0131rma, ta\u015f ay\u0131rma ve renk ay\u0131rma (sortex) makineleriyle tesisini kurmu\u015ftur.<\/p>\n<\/div><\/div><\/div><div id=\"pgc-11-1-1\"  class=\"panel-grid-cell\" ><div id=\"panel-11-1-1-0\" class=\"so-panel widget widget_black-studio-tinymce widget_black_studio_tinymce panel-first-child panel-last-child\" data-index=\"5\" ><div class=\"content-box text-center panel-widget-style panel-widget-style-for-11-1-1-0\" ><h3 class=\"widget-title\"><span class=\"light\">Bize<\/span> Ula\u015f\u0131n<\/h3><div class=\"textwidget\">\n<div class=\"wpcf7 no-js\" id=\"wpcf7-f3275-o1\" lang=\"en-US\" dir=\"ltr\" data-wpcf7-id=\"3275\">\n<div class=\"screen-reader-response\"><p role=\"status\" aria-live=\"polite\" aria-atomic=\"true\"><\/p> <ul><\/ul><\/div>\n<form action=\"\/tur\/wp-json\/wp\/v2\/pages\/11#wpcf7-f3275-o1\" method=\"post\" class=\"wpcf7-form init\" aria-label=\"Contact form\" novalidate=\"novalidate\" data-status=\"init\">\n<fieldset class=\"hidden-fields-container\"><input type=\"hidden\" name=\"_wpcf7\" value=\"3275\" \/><input type=\"hidden\" name=\"_wpcf7_version\" value=\"6.1.5\" \/><input type=\"hidden\" name=\"_wpcf7_locale\" value=\"en_US\" \/><input type=\"hidden\" name=\"_wpcf7_unit_tag\" value=\"wpcf7-f3275-o1\" \/><input type=\"hidden\" name=\"_wpcf7_container_post\" value=\"0\" \/><input type=\"hidden\" name=\"_wpcf7_posted_data_hash\" value=\"\" \/>\n<\/fieldset>\n<div class=\"request-quote-form\">\n\t<div class=\"row\">\n\t\t<div class=\"col-xs-12 col-md-6\">\n\t\t\t<p><span class=\"wpcf7-form-control-wrap\" data-name=\"your-name\"><input size=\"40\" maxlength=\"400\" class=\"wpcf7-form-control wpcf7-text wpcf7-validates-as-required\" aria-required=\"true\" aria-invalid=\"false\" placeholder=\"Ad\/Soyad\" value=\"\" type=\"text\" name=\"your-name\" \/><\/span><span class=\"wpcf7-form-control-wrap\" data-name=\"your-email\"><input size=\"40\" maxlength=\"400\" class=\"wpcf7-form-control wpcf7-email wpcf7-validates-as-required wpcf7-text wpcf7-validates-as-email\" aria-required=\"true\" aria-invalid=\"false\" placeholder=\"E-Posta\" value=\"\" type=\"email\" name=\"your-email\" \/><\/span><span class=\"wpcf7-form-control-wrap\" data-name=\"konu\"><input size=\"40\" maxlength=\"400\" class=\"wpcf7-form-control wpcf7-text wpcf7-validates-as-required\" aria-required=\"true\" aria-invalid=\"false\" placeholder=\"Konu\" value=\"\" type=\"text\" name=\"konu\" \/><\/span>\n\t\t\t<\/p>\n\t\t<\/div>\n\t\t<div class=\"col-xs-12 col-md-6\">\n\t\t\t<p><span class=\"wpcf7-form-control-wrap\" data-name=\"your-message\"><textarea cols=\"40\" rows=\"10\" maxlength=\"2000\" class=\"wpcf7-form-control wpcf7-textarea\" aria-invalid=\"false\" placeholder=\"Mesaj\u0131n\u0131z\" name=\"your-message\"><\/textarea><\/span>\n\t\t\t<\/p>\n\t\t<\/div>\n\t\t<div class=\"col-xs-12\">\n\t\t\t<p><input class=\"wpcf7-form-control wpcf7-submit has-spinner\" type=\"submit\" value=\"G\u00f6nder\" \/>\n\t\t\t<\/p>\n\t\t<\/div>\n\t<\/div>\n<\/div><div class=\"wpcf7-response-output\" aria-hidden=\"true\"><\/div>\n<\/form>\n<\/div>\n<\/div><\/div><\/div><\/div><\/div><div id=\"pg-11-2\"  class=\"panel-grid panel-no-style\" ><div id=\"pgc-11-2-0\"  class=\"panel-grid-cell\" ><div id=\"panel-11-2-0-0\" class=\"so-panel widget widget_text panel-first-child panel-last-child\" data-index=\"6\" ><div class=\"no-border panel-widget-style panel-widget-style-for-11-2-0-0\" ><h3 class=\"widget-title\"><span class=\"light\">Neden<\/span> Tanr\u0131verdi?<\/h3>\t\t\t<div class=\"textwidget\"><\/div>\n\t\t<\/div><\/div><\/div><\/div><div id=\"pg-11-3\"  class=\"panel-grid panel-no-style\" ><div id=\"pgc-11-3-0\"  class=\"panel-grid-cell\" ><div id=\"panel-11-3-0-0\" class=\"so-panel widget widget_qt_icon_box widget-icon-box panel-first-child\" data-index=\"7\" >\t\t\t\t<a class=\"icon-box icon-small\" href=\"#\" >\n\t\t\t\t\t\t\t\t<i class=\"fa fa-leaf\"><\/i>\n\t\t\t\t\t\t\t\t\t\t\t<h6 class=\"title\">G\u00fcvenilir Tar\u0131m<\/h6>\n\t\t\t\t\t\t\t\t\t\t\t\t\t\t\t\t<span class=\"subtitle\">Sat\u0131\u015f\u0131n\u0131 ger\u00e7ekle\u015ftirdi\u011fimiz \u00fcr\u00fcnlerin tamam\u0131 g\u00fcvenilir tar\u0131m \u00fcr\u00fcn\u00fcd\u00fcr.<\/span>\n\t\t\t\t\t\t\t\t<\/a>\n\n\t\t\t<\/div><div id=\"panel-11-3-0-1\" class=\"so-panel widget widget_qt_icon_box widget-icon-box panel-last-child\" data-index=\"8\" >\t\t\t\t<div class=\"icon-box icon-small\">\n\t\t\t\t\t\t\t\t<i class=\"fa fa-calendar-o\"><\/i>\n\t\t\t\t\t\t\t\t\t\t\t<h6 class=\"title\">Tam Zaman\u0131nda<\/h6>\n\t\t\t\t\t\t\t\t\t\t\t\t\t\t\t\t<span class=\"subtitle\">Sipari\u015flerimizin tamam\u0131 zaman\u0131nda teslim edilir.<\/span>\n\t\t\t\t\t\t\t\t<\/div>\n\n\t\t\t<\/div><\/div><div id=\"pgc-11-3-1\"  class=\"panel-grid-cell\" ><div id=\"panel-11-3-1-0\" class=\"so-panel widget widget_qt_icon_box widget-icon-box panel-first-child\" data-index=\"9\" >\t\t\t\t<div class=\"icon-box icon-small\">\n\t\t\t\t\t\t\t\t<i class=\"fa fa-check-circle-o\"><\/i>\n\t\t\t\t\t\t\t\t\t\t\t<h6 class=\"title\">Bakanl\u0131k Onayl\u0131<\/h6>\n\t\t\t\t\t\t\t\t\t\t\t\t\t\t\t\t<span class=\"subtitle\">T\u00fcm \u00fcr\u00fcnlerimiz Tar\u0131m ve Ormanc\u0131l\u0131k bakanl\u0131\u011f\u0131 onayl\u0131.<\/span>\n\t\t\t\t\t\t\t\t<\/div>\n\n\t\t\t<\/div><div id=\"panel-11-3-1-1\" class=\"so-panel widget widget_qt_icon_box widget-icon-box panel-last-child\" data-index=\"10\" >\t\t\t\t<div class=\"icon-box icon-small\">\n\t\t\t\t\t\t\t\t<i class=\"fa fa-comments-o\"><\/i>\n\t\t\t\t\t\t\t\t\t\t\t<h6 class=\"title\">\u00dccretsiz Dan\u0131\u015fma<\/h6>\n\t\t\t\t\t\t\t\t\t\t\t\t\t\t\t\t<span class=\"subtitle\">\u00dcr\u00fcnlerimiz hakk\u0131nda ayr\u0131nt\u0131l\u0131 bilgi talep etmek i\u00e7in bizleri araman\u0131z yeterli.<\/span>\n\t\t\t\t\t\t\t\t<\/div>\n\n\t\t\t<\/div><\/div><div id=\"pgc-11-3-2\"  class=\"panel-grid-cell\" ><div id=\"panel-11-3-2-0\" class=\"so-panel widget widget_qt_icon_box widget-icon-box panel-first-child\" data-index=\"11\" >\t\t\t\t<div class=\"icon-box icon-small\">\n\t\t\t\t\t\t\t\t<i class=\"fa fa-tachometer\"><\/i>\n\t\t\t\t\t\t\t\t\t\t\t<h6 class=\"title\">Kaliteli Eleme<\/h6>\n\t\t\t\t\t\t\t\t\t\t\t\t\t\t\t\t<span class=\"subtitle\">Eleme i\u015fleri sonras\u0131 sizlere sadece kaliteli mahs\u00fcl ula\u015ft\u0131r\u0131l\u0131r.<\/span>\n\t\t\t\t\t\t\t\t<\/div>\n\n\t\t\t<\/div><div id=\"panel-11-3-2-1\" class=\"so-panel widget widget_qt_icon_box widget-icon-box panel-last-child\" data-index=\"12\" >\t\t\t\t<div class=\"icon-box icon-small\">\n\t\t\t\t\t\t\t\t<i class=\"fa fa-trophy\"><\/i>\n\t\t\t\t\t\t\t\t\t\t\t<h6 class=\"title\">G\u00fcvenilir Tar\u0131m<\/h6>\n\t\t\t\t\t\t\t\t\t\t\t\t\t\t\t\t<span class=\"subtitle\">Yurt i\u00e7inde ve d\u0131\u015f\u0131nda bir\u00e7ok topranc\u0131n\u0131n en b\u00fcy\u00fck tedarik\u00e7isiyiz.<\/span>\n\t\t\t\t\t\t\t\t<\/div>\n\n\t\t\t<\/div><\/div><\/div><\/div>","protected":false},"excerpt":{"rendered":"<p>Kaliteli Tar\u0131m \u00dcr\u00fcnleriSat\u0131\u015f\u0131n\u0131 ger\u00e7ekletirmi\u015f oldu\u011fumuz \u00fcr\u00fcnlerin tamam\u0131na ait kalite kontrolleri taraf\u0131m\u0131zdan ger\u00e7ekle\u015ftirilmekte olup kalitesi Tar\u0131m ve Orman bakanl\u0131\u011f\u0131 taraf\u0131ndan onaylanmaktad\u0131r. Siyah Ay\u00e7ekirde\u011fi Beyaz Ay\u00e7ekirde\u011fi Kabak\u00e7ekirde\u011fi Tanr\u0131verdi Hakk\u0131ndaTanr\u0131verdi ay\u00e7ekirde\u011fi hakk\u0131nda k\u0131saca bilgi verecek olursak; i\u015fimize 1967 yil\u0131nda Yozgat b\u00f6lgesinde aycekirde\u011finin ekimiyle ba\u015flamistir.Tanr\u0131verdi 1990 a kadar i\u015fine bu b\u00f6lgede devam etmi\u015f olup bu y\u0131ldan itibaren i\u015f potansiyelinide [&hellip;]<\/p>\n","protected":false},"author":1,"featured_media":0,"parent":0,"menu_order":0,"comment_status":"open","ping_status":"closed","template":"template-front-fullslider.php","meta":{"footnotes":""},"class_list":["post-11","page","type-page","status-publish","hentry"],"_links":{"self":[{"href":"https:\/\/www.aycekirdekci.com.tr\/tur\/wp-json\/wp\/v2\/pages\/11","targetHints":{"allow":["GET"]}}],"collection":[{"href":"https:\/\/www.aycekirdekci.com.tr\/tur\/wp-json\/wp\/v2\/pages"}],"about":[{"href":"https:\/\/www.aycekirdekci.com.tr\/tur\/wp-json\/wp\/v2\/types\/page"}],"author":[{"embeddable":true,"href":"https:\/\/www.aycekirdekci.com.tr\/tur\/wp-json\/wp\/v2\/users\/1"}],"replies":[{"embeddable":true,"href":"https:\/\/www.aycekirdekci.com.tr\/tur\/wp-json\/wp\/v2\/comments?post=11"}],"version-history":[{"count":33,"href":"https:\/\/www.aycekirdekci.com.tr\/tur\/wp-json\/wp\/v2\/pages\/11\/revisions"}],"predecessor-version":[{"id":7214,"href":"https:\/\/www.aycekirdekci.com.tr\/tur\/wp-json\/wp\/v2\/pages\/11\/revisions\/7214"}],"wp:attachment":[{"href":"https:\/\/www.aycekirdekci.com.tr\/tur\/wp-json\/wp\/v2\/media?parent=11"}],"curies":[{"name":"wp","href":"https:\/\/api.w.org\/{rel}","templated":true}]}}