{"id":181,"date":"2015-01-12T14:49:38","date_gmt":"2015-01-12T14:49:38","guid":{"rendered":"http:\/\/localhost:8888\/construction\/?page_id=181"},"modified":"2019-04-12T11:21:41","modified_gmt":"2019-04-12T08:21:41","slug":"kurumsal","status":"publish","type":"page","link":"https:\/\/www.aycekirdekci.com.tr\/tur\/kurumsal\/","title":{"rendered":"Kurumsal"},"content":{"rendered":"<div id=\"pl-181\"  class=\"panel-layout\" ><div id=\"pg-181-0\"  class=\"panel-grid panel-no-style\" ><div id=\"pgc-181-0-0\"  class=\"panel-grid-cell\" ><div id=\"panel-181-0-0-0\" class=\"so-panel widget widget_black-studio-tinymce widget_black_studio_tinymce panel-first-child panel-last-child\" data-index=\"0\" ><h3 class=\"widget-title\"><span class=\"light\">Biz<\/span> Kimiz?<\/h3><div class=\"textwidget\"><div class=\"art-article\">\n<p>Tanr\u0131verdi ay\u00e7ekirde\u011fi\u00a0 hakk\u0131nda k\u0131saca bilgi verecek olursak; i\u015fimize 1967 yil\u0131nda Yozgat b\u00f6lgesinde aycekirde\u011finin ekimiyle ba\u015flamistir.Tanr\u0131verdi 1990 a kadar i\u015fine bu b\u00f6lgede devam etmi\u015f olup bu y\u0131ldan itibaren i\u015f potansiyelinide geni\u015fletmek amac\u0131 ile Kayseri'ye yerlesmistir.<\/p>\n<p>Tanr\u0131verdi, Kayseri'ye yerlestikten sonra b\u00fcy\u00fcyen ve geli\u015fen piyasa \u015fartlar\u0131 kar\u015f\u0131s\u0131nda T\u00fcrkiye'nin her b\u00f6lgesinden ay\u00e7ekirde\u011fi ve kabak\u00e7ekirde\u011fi temin etmeye ba\u015flayarak pazardaki yerini alm\u0131\u015ft\u0131r.<br \/>\nKonumunu daha etkin hale getirmek i\u00e7in teknolojinin \u00f6ne \u00e7\u0131kard\u0131\u011f\u0131 son sistem eleme, s\u0131n\u0131fland\u0131rma, ta\u015f ay\u0131rma ve renk ay\u0131rma (sortex) makineleriyle tesisini kurmu\u015ftur.<\/p><\/div>\n<\/div><\/div><\/div><div id=\"pgc-181-0-1\"  class=\"panel-grid-cell\" ><div id=\"panel-181-0-1-0\" class=\"so-panel widget widget_black-studio-tinymce widget_black_studio_tinymce panel-first-child panel-last-child\" data-index=\"1\" ><div class=\"textwidget\"><img loading=\"lazy\" decoding=\"async\" class=\"alignnone wp-image-7100 size-full\" src=\"https:\/\/aycekirdekci.com.tr\/tur\/wp-content\/uploads\/2019\/04\/kurumsal.jpg\" alt=\"\" width=\"555\" height=\"294\" srcset=\"https:\/\/www.aycekirdekci.com.tr\/tur\/wp-content\/uploads\/2019\/04\/kurumsal.jpg 555w, https:\/\/www.aycekirdekci.com.tr\/tur\/wp-content\/uploads\/2019\/04\/kurumsal-300x159.jpg 300w\" sizes=\"auto, (max-width: 555px) 100vw, 555px\" \/><\/div><\/div><\/div><\/div><div id=\"pg-181-1\"  class=\"panel-grid panel-no-style\" ><div id=\"pgc-181-1-0\"  class=\"panel-grid-cell\" ><div id=\"panel-181-1-0-0\" class=\"so-panel widget widget_black-studio-tinymce widget_black_studio_tinymce panel-first-child panel-last-child\" data-index=\"2\" ><h3 class=\"widget-title\"><span class=\"light\">Misyonumuz<\/span><\/h3><div class=\"textwidget\"><p>Kaliteli hammade icin \u00fcreticiyi bilin\u00e7lendirmek.<br \/>\nKalitede s\u00fcreklilik i\u00e7in son teknolojik sistemler kullanmak.<br \/>\nPiyasaya kaliteli ve sa\u011fl\u0131kl\u0131 \u00fcr\u00fcnler sunmak.<\/p>\n<\/div><\/div><\/div><div id=\"pgc-181-1-1\"  class=\"panel-grid-cell\" ><div id=\"panel-181-1-1-0\" class=\"so-panel widget widget_black-studio-tinymce widget_black_studio_tinymce panel-first-child panel-last-child\" data-index=\"3\" ><h3 class=\"widget-title\"><span class=\"light\">Vizyonumuz<\/span><\/h3><div class=\"textwidget\"><p>Ticarette durustluk \u00f6ncelik ilkemiz.<br \/>\nKalite kontrol\u00fc,titizlik g\u00f6revimiz.<br \/>\nKalitede s\u00fcreklilik g\u00fcvencemiz.<br \/>\nM\u00fcsteri memnuniyeti gelece\u011fimiz..<\/p>\n<\/div><\/div><\/div><div id=\"pgc-181-1-2\"  class=\"panel-grid-cell\" ><div id=\"panel-181-1-2-0\" class=\"so-panel widget widget_black-studio-tinymce widget_black_studio_tinymce panel-first-child panel-last-child\" data-index=\"4\" ><h3 class=\"widget-title\"><span class=\"light\">Kalite<\/span> Politikas\u0131<\/h3><div class=\"textwidget\"><p>Etkin, verimli, rekabet\u00e7i, \u00fcst\u00fcn performansa odaklanm\u0131\u015f, uluslararas\u0131 tan\u0131n\u0131rl\u0131\u011f\u0131 ve sayg\u0131nl\u0131\u011f\u0131 olan giri\u015fimci bir d\u00fcnya markas\u0131 olmak amac\u0131 ile toplam kalite y\u00f6netim anlay\u0131\u015f\u0131na uygun bir kalite k\u00fclt\u00fcr\u00fc olu\u015fturmak.<\/p>\n<\/div><\/div><\/div><\/div><div id=\"pg-181-2\"  class=\"panel-grid panel-no-style\" ><div id=\"pgc-181-2-0\"  class=\"panel-grid-cell\" ><div id=\"panel-181-2-0-0\" class=\"so-panel widget widget_text panel-first-child panel-last-child\" data-index=\"5\" >\t\t\t<div class=\"textwidget\"><p><div class=\"dropcap-wrap\"><div class=\"dropcap-pull\"><span class=\"dropcap style1\">1967<\/span><\/div><span class=\"dropcap-title\"> Kurulu\u015f<\/span><\/div>Ticari faaliyetlerimize Yozgat il s\u0131n\u0131rlar\u0131 i\u00e7erisinde ba\u015flad\u0131k.<\/p>\n<\/div>\n\t\t<\/div><\/div><div id=\"pgc-181-2-1\"  class=\"panel-grid-cell\" ><div id=\"panel-181-2-1-0\" class=\"so-panel widget widget_text panel-first-child panel-last-child\" data-index=\"6\" >\t\t\t<div class=\"textwidget\"><p><div class=\"dropcap-wrap\"><div class=\"dropcap-pull\"><span class=\"dropcap style1\">1990<\/span><\/div><span class=\"dropcap-title\"> Kayseri<\/span><\/div>\u0130\u015fletmemizi Kayseri&#8217;te ta\u015f\u0131ma karar\u0131 alarak b\u00fcy\u00fcmenin ilk ad\u0131m\u0131n\u0131 att\u0131k.<\/p>\n<\/div>\n\t\t<\/div><\/div><div id=\"pgc-181-2-2\"  class=\"panel-grid-cell\" ><div id=\"panel-181-2-2-0\" class=\"so-panel widget widget_text panel-first-child panel-last-child\" data-index=\"7\" >\t\t\t<div class=\"textwidget\"><p><div class=\"dropcap-wrap\"><div class=\"dropcap-pull\"><span class=\"dropcap style1\">1997<\/span><\/div><span class=\"dropcap-title\"> Tesis Kurulumu<\/span><\/div>\u0130\u015fletmeye \u00f6n temizleme ve boylama ele\u011fi makinar\u0131n\u0131n al\u0131m\u0131 ger\u00e7ekle\u015ftirildi.<\/p>\n<\/div>\n\t\t<\/div><\/div><div id=\"pgc-181-2-3\"  class=\"panel-grid-cell\" ><div id=\"panel-181-2-3-0\" class=\"so-panel widget widget_text panel-first-child panel-last-child\" data-index=\"8\" >\t\t\t<div class=\"textwidget\"><p><div class=\"dropcap-wrap\"><div class=\"dropcap-pull\"><span class=\"dropcap style1\">2011<\/span><\/div><span class=\"dropcap-title\"> Tesis B\u00fcy\u00fctme<\/span><\/div>Eleme, boylama, renk ay\u0131rma ve paketleme makina parkuru b\u00fcnyemize kazand\u0131r\u0131ld\u0131.<\/p>\n<\/div>\n\t\t<\/div><\/div><\/div><\/div>","protected":false},"excerpt":{"rendered":"<p>\t\t\t\tCurabitur sodales ligula in libero. Sed dignissim lacinia nunc. Curabitur tortor. Pellentesque nibh. Aenean quam. In scelerisque sem at dolor. Maecenas mattis. Sed convallis tristique sem. Proin ut ligula vel nunc egestas porttitor. Morbi lectus risus, iaculis vel, suscipit quis, luctus non, massa.\t\t<\/p>\n","protected":false},"author":1,"featured_media":0,"parent":0,"menu_order":0,"comment_status":"closed","ping_status":"closed","template":"","meta":{"footnotes":""},"class_list":["post-181","page","type-page","status-publish","hentry"],"_links":{"self":[{"href":"https:\/\/www.aycekirdekci.com.tr\/tur\/wp-json\/wp\/v2\/pages\/181","targetHints":{"allow":["GET"]}}],"collection":[{"href":"https:\/\/www.aycekirdekci.com.tr\/tur\/wp-json\/wp\/v2\/pages"}],"about":[{"href":"https:\/\/www.aycekirdekci.com.tr\/tur\/wp-json\/wp\/v2\/types\/page"}],"author":[{"embeddable":true,"href":"https:\/\/www.aycekirdekci.com.tr\/tur\/wp-json\/wp\/v2\/users\/1"}],"replies":[{"embeddable":true,"href":"https:\/\/www.aycekirdekci.com.tr\/tur\/wp-json\/wp\/v2\/comments?post=181"}],"version-history":[{"count":17,"href":"https:\/\/www.aycekirdekci.com.tr\/tur\/wp-json\/wp\/v2\/pages\/181\/revisions"}],"predecessor-version":[{"id":7201,"href":"https:\/\/www.aycekirdekci.com.tr\/tur\/wp-json\/wp\/v2\/pages\/181\/revisions\/7201"}],"wp:attachment":[{"href":"https:\/\/www.aycekirdekci.com.tr\/tur\/wp-json\/wp\/v2\/media?parent=181"}],"curies":[{"name":"wp","href":"https:\/\/api.w.org\/{rel}","templated":true}]}}