{"id":227,"date":"2015-01-13T14:26:51","date_gmt":"2015-01-13T14:26:51","guid":{"rendered":"http:\/\/localhost:8888\/construction\/?page_id=227"},"modified":"2019-04-09T11:56:27","modified_gmt":"2019-04-09T08:56:27","slug":"iletisim","status":"publish","type":"page","link":"https:\/\/www.aycekirdekci.com.tr\/tur\/iletisim\/","title":{"rendered":"\u0130leti\u015fim"},"content":{"rendered":"<div id=\"pl-227\"  class=\"panel-layout\" ><div id=\"pg-227-0\"  class=\"panel-grid panel-no-style\" ><div id=\"pgc-227-0-0\"  class=\"panel-grid-cell\" ><div id=\"panel-227-0-0-0\" class=\"so-panel widget widget_black-studio-tinymce widget_black_studio_tinymce panel-first-child panel-last-child\" data-index=\"0\" ><h3 class=\"widget-title\"><span class=\"light\">\u0130leti\u015fim<\/span> Formu<\/h3><div class=\"textwidget\"><p style=\"margin-bottom: 20px;\">Akl\u0131n\u0131za tak\u0131lan her t\u00fcrl\u00fc soru veya g\u00f6r\u00fc\u015flerinizi iletmek i\u00e7in mesaj g\u00f6nderebilirsiniz.<\/p>\n<p>\n<div class=\"wpcf7 no-js\" id=\"wpcf7-f630-o1\" lang=\"en-US\" dir=\"ltr\" data-wpcf7-id=\"630\">\n<div class=\"screen-reader-response\"><p role=\"status\" aria-live=\"polite\" aria-atomic=\"true\"><\/p> <ul><\/ul><\/div>\n<form action=\"\/tur\/wp-json\/wp\/v2\/pages\/227#wpcf7-f630-o1\" method=\"post\" class=\"wpcf7-form init\" aria-label=\"Contact form\" novalidate=\"novalidate\" data-status=\"init\">\n<fieldset class=\"hidden-fields-container\"><input type=\"hidden\" name=\"_wpcf7\" value=\"630\" \/><input type=\"hidden\" name=\"_wpcf7_version\" value=\"6.1.5\" \/><input type=\"hidden\" name=\"_wpcf7_locale\" value=\"en_US\" \/><input type=\"hidden\" name=\"_wpcf7_unit_tag\" value=\"wpcf7-f630-o1\" \/><input type=\"hidden\" name=\"_wpcf7_container_post\" value=\"0\" \/><input type=\"hidden\" name=\"_wpcf7_posted_data_hash\" value=\"\" \/>\n<\/fieldset>\n<div class=\"row\">\n\t<div class=\"col-xs-12 col-md-6\">\n\t\t<p><span>Ad\/Soyad *<br \/>\n<span class=\"wpcf7-form-control-wrap\" data-name=\"your-name\"><input size=\"40\" maxlength=\"400\" class=\"wpcf7-form-control wpcf7-text wpcf7-validates-as-required\" aria-required=\"true\" aria-invalid=\"false\" placeholder=\"Ad\u0131n\u0131z ve Soyad\u0131n\u0131z\" value=\"\" type=\"text\" name=\"your-name\" \/><\/span><\/span>\n\t\t<\/p>\n\t<\/div>\n\t<div class=\"col-xs-12 col-md-6\">\n\t\t<p><span>E-Posta Adresi *<br \/>\n<span class=\"wpcf7-form-control-wrap\" data-name=\"your-email\"><input size=\"40\" maxlength=\"400\" class=\"wpcf7-form-control wpcf7-email wpcf7-validates-as-required wpcf7-text wpcf7-validates-as-email\" aria-required=\"true\" aria-invalid=\"false\" placeholder=\"E-posta adresini giriniz\" value=\"\" type=\"email\" name=\"your-email\" \/><\/span><\/span>\n\t\t<\/p>\n\t<\/div>\n\t<div class=\"col-xs-12 col-md-6\">\n\t\t<p><span>Konu<br \/>\n<span class=\"wpcf7-form-control-wrap\" data-name=\"your-subject\"><input size=\"40\" maxlength=\"400\" class=\"wpcf7-form-control wpcf7-text\" aria-invalid=\"false\" placeholder=\"Konu\" value=\"\" type=\"text\" name=\"your-subject\" \/><\/span><\/span>\n\t\t<\/p>\n\t<\/div>\n\t<div class=\"col-xs-12 col-md-6\">\n\t\t<p><span>Telefon *<br \/>\n<span class=\"wpcf7-form-control-wrap\" data-name=\"phone-number\"><input size=\"40\" maxlength=\"400\" class=\"wpcf7-form-control wpcf7-tel wpcf7-text wpcf7-validates-as-tel\" aria-invalid=\"false\" placeholder=\"Telefon numaran\u0131z\" value=\"\" type=\"tel\" name=\"phone-number\" \/><\/span><\/span>\n\t\t<\/p>\n\t<\/div>\n\t<div class=\"col-xs-12\">\n\t\t<p><span>Mesaj *<br \/>\n<span class=\"wpcf7-form-control-wrap\" data-name=\"your-message\"><textarea cols=\"40\" rows=\"10\" maxlength=\"2000\" class=\"wpcf7-form-control wpcf7-textarea wpcf7-validates-as-required\" aria-required=\"true\" aria-invalid=\"false\" placeholder=\"Mesaj\u0131n\u0131z...\" name=\"your-message\"><\/textarea><\/span><\/span>\n\t\t<\/p>\n\t<\/div>\n\t<div class=\"col-xs-12\">\n\t\t<p><input class=\"wpcf7-form-control wpcf7-submit has-spinner btn btn-primary\" type=\"submit\" value=\"G\u00f6nder\" \/><br \/>\n<span class=\"info-text\">* i\u015faretli alanlar\u0131n doldurulmas\u0131 zorunludur.<\/span>\n\t\t<\/p>\n\t<\/div>\n<\/div><div class=\"wpcf7-response-output\" aria-hidden=\"true\"><\/div>\n<\/form>\n<\/div>\n<\/p>\n<\/div><\/div><\/div><div id=\"pgc-227-0-1\"  class=\"panel-grid-cell\" ><div id=\"panel-227-0-1-0\" class=\"so-panel widget widget_black-studio-tinymce widget_black_studio_tinymce panel-first-child\" data-index=\"1\" ><div class=\"content-box panel-widget-style panel-widget-style-for-227-0-1-0\" ><h3 class=\"widget-title\"><span class=\"light\">\u0130leti\u015fim<\/span> Bilgileri<\/h3><div class=\"textwidget\"><p><strong>TANRIVERD\u0130 TARIM<br \/>\n<\/strong><\/p>\n<p>Kayseri Ankara Karayolu 18. Km<br \/>\nBo\u011fazk\u00f6pr\u00fc \/ Kocasinan \/ Kayseri<\/p>\n<div>Telefon: 0352 283 10 83<\/div>\n<div>Telefon: 0532 311 44 92<\/div>\n<div>E-Posta : tanriverditarim@gmail.com<\/div>\n<\/div><\/div><\/div><div id=\"panel-227-0-1-1\" class=\"so-panel widget widget_qt_opening_hours widget-opening-hours panel-last-child\" data-index=\"2\" ><div class=\"content-box panel-widget-style panel-widget-style-for-227-0-1-1\" ><h3 class=\"widget-title\"><span class=\"light\">\u00c7al\u0131\u015fma<\/span> Saatleri<\/h3><div class=\"opening-times\"><ul><li class=\"weekday\">Pazartesi<span class=\"right\">08:00-19:00<\/span><\/li><li class=\"weekday\">Sal\u0131<span class=\"right\">08:00-19:00<\/span><\/li><li class=\"weekday today\">\u00c7ar\u015famba<span class=\"right\">08:00-19:00<\/span><\/li><li class=\"weekday\">Per\u015fembe<span class=\"right\">08:00-19:00<\/span><\/li><li class=\"weekday\">Cuma<span class=\"right\">08:00-19:00<\/span><\/li><li class=\"weekday\">Cumartesi<span class=\"right\">08:00-19:00<\/span><\/li><li class=\"weekday\">Pazar<span class=\"right label\">KAPALI<\/span><\/li><\/ul><\/div><\/div><\/div><\/div><\/div><\/div>","protected":false},"excerpt":{"rendered":"<p>\t\t\t\tCurabitur sodales ligula in libero. Sed dignissim lacinia nunc. Curabitur tortor. Pellentesque nibh. Aenean quam. In scelerisque sem at dolor. Maecenas mattis. Sed convallis tristique sem. Proin ut ligula vel nunc egestas porttitor. Morbi lectus risus, iaculis vel, suscipit quis, luctus non, massa.\t\t<\/p>\n","protected":false},"author":1,"featured_media":0,"parent":0,"menu_order":0,"comment_status":"closed","ping_status":"closed","template":"","meta":{"footnotes":""},"class_list":["post-227","page","type-page","status-publish","hentry"],"_links":{"self":[{"href":"https:\/\/www.aycekirdekci.com.tr\/tur\/wp-json\/wp\/v2\/pages\/227","targetHints":{"allow":["GET"]}}],"collection":[{"href":"https:\/\/www.aycekirdekci.com.tr\/tur\/wp-json\/wp\/v2\/pages"}],"about":[{"href":"https:\/\/www.aycekirdekci.com.tr\/tur\/wp-json\/wp\/v2\/types\/page"}],"author":[{"embeddable":true,"href":"https:\/\/www.aycekirdekci.com.tr\/tur\/wp-json\/wp\/v2\/users\/1"}],"replies":[{"embeddable":true,"href":"https:\/\/www.aycekirdekci.com.tr\/tur\/wp-json\/wp\/v2\/comments?post=227"}],"version-history":[{"count":5,"href":"https:\/\/www.aycekirdekci.com.tr\/tur\/wp-json\/wp\/v2\/pages\/227\/revisions"}],"predecessor-version":[{"id":7136,"href":"https:\/\/www.aycekirdekci.com.tr\/tur\/wp-json\/wp\/v2\/pages\/227\/revisions\/7136"}],"wp:attachment":[{"href":"https:\/\/www.aycekirdekci.com.tr\/tur\/wp-json\/wp\/v2\/media?parent=227"}],"curies":[{"name":"wp","href":"https:\/\/api.w.org\/{rel}","templated":true}]}}