{"id":3505,"date":"2015-09-10T10:59:36","date_gmt":"2015-09-10T10:59:36","guid":{"rendered":"http:\/\/export-xml.qreativethemes.com\/thelandscaper\/services\/\/?page_id=3505"},"modified":"2022-03-24T15:20:26","modified_gmt":"2022-03-24T12:20:26","slug":"tesisimiz","status":"publish","type":"page","link":"https:\/\/www.aycekirdekci.com.tr\/tur\/tesisimiz\/","title":{"rendered":"Tesisimiz"},"content":{"rendered":"<div id=\"pl-3505\"  class=\"panel-layout\" ><div id=\"pg-3505-0\"  class=\"panel-grid panel-no-style\" ><div id=\"pgc-3505-0-0\"  class=\"panel-grid-cell\" ><div id=\"panel-3505-0-0-0\" class=\"so-panel widget widget_black-studio-tinymce widget_black_studio_tinymce panel-first-child panel-last-child\" data-index=\"0\" ><h3 class=\"widget-title\"><span class=\"light\">Tanr\u0131verdi<\/span> Tesisleri<\/h3><div class=\"textwidget\"><p>Firmam\u0131z 8.000 m2 a\u00e7\u0131k alan, 2.500 m2 kapal\u0131 alanda \u00a0\u00fcretim hatt\u0131 \u00a04.000 ton depolama kapasitesine sahiptir. \u00dcretim hatt\u0131nda y\u0131ll\u0131k 4.000 ton \u00fcretim yapabilmektedir. Tesisimiz en son teknoloji ile donat\u0131lm\u0131\u015ft\u0131r. \u00d6ncelikle \u00fcr\u00fcnler kalite kontrol\u00fcnden ge\u00e7er ve analizleri yap\u0131l\u0131r.<\/p>\n<p>\u00d6n temizleme sonras\u0131nda depolan\u0131r. \u00c7erezlik ay\u00e7ekirde\u011fi \u00a0eleme ve kalibrasyon s\u00fcrecinden ge\u00e7er ve sonras\u0131nda b\u00fct\u00fcn yabanc\u0131 maddelerden ar\u0131nd\u0131r\u0131l\u0131r. Son a\u015famada sortexte ay\u00e7ekirde\u011finin ve kabak \u00e7ekirde\u011finin i\u00e7inde makinayla temizlenemeyen b\u00fct\u00fcn yabanc\u0131 maddeler ar\u0131nd\u0131r\u0131l\u0131r ve kaliteli bir \u00fcr\u00fcn elde edilir. B\u00fct\u00fcn bu i\u015flemler el de\u011fmeden yap\u0131l\u0131r, \u00fcr\u00fcnler paketlendikten sonra sevk edilir.<\/p>\n<\/div><\/div><\/div><\/div><div id=\"pg-3505-1\"  class=\"panel-grid panel-no-style\" ><div id=\"pgc-3505-1-0\"  class=\"panel-grid-cell\" ><div id=\"panel-3505-1-0-0\" class=\"so-panel widget widget_media_image panel-first-child panel-last-child\" data-index=\"1\" ><img loading=\"lazy\" decoding=\"async\" width=\"1920\" height=\"729\" src=\"https:\/\/www.aycekirdekci.com.tr\/tur\/wp-content\/uploads\/2022\/03\/slide5.jpg\" class=\"image wp-image-7212  attachment-full size-full\" alt=\"\" style=\"max-width: 100%; height: auto;\" srcset=\"https:\/\/www.aycekirdekci.com.tr\/tur\/wp-content\/uploads\/2022\/03\/slide5.jpg 1920w, https:\/\/www.aycekirdekci.com.tr\/tur\/wp-content\/uploads\/2022\/03\/slide5-300x114.jpg 300w, https:\/\/www.aycekirdekci.com.tr\/tur\/wp-content\/uploads\/2022\/03\/slide5-1024x389.jpg 1024w, https:\/\/www.aycekirdekci.com.tr\/tur\/wp-content\/uploads\/2022\/03\/slide5-768x292.jpg 768w, https:\/\/www.aycekirdekci.com.tr\/tur\/wp-content\/uploads\/2022\/03\/slide5-1536x583.jpg 1536w, https:\/\/www.aycekirdekci.com.tr\/tur\/wp-content\/uploads\/2022\/03\/slide5-600x228.jpg 600w\" sizes=\"auto, (max-width: 1920px) 100vw, 1920px\" \/><\/div><\/div><\/div><div id=\"pg-3505-2\"  class=\"panel-grid panel-no-style\" ><div id=\"pgc-3505-2-0\"  class=\"panel-grid-cell\" ><div id=\"panel-3505-2-0-0\" class=\"so-panel widget widget_black-studio-tinymce widget_black_studio_tinymce panel-first-child panel-last-child\" data-index=\"2\" ><div class=\"textwidget\"><p><img loading=\"lazy\" decoding=\"async\" class=\"alignnone wp-image-7173 size-full\" src=\"https:\/\/aycekirdekci.com.tr\/tur\/wp-content\/uploads\/2019\/04\/tesis.jpg\" alt=\"\" width=\"555\" height=\"327\" srcset=\"https:\/\/www.aycekirdekci.com.tr\/tur\/wp-content\/uploads\/2019\/04\/tesis.jpg 555w, https:\/\/www.aycekirdekci.com.tr\/tur\/wp-content\/uploads\/2019\/04\/tesis-300x177.jpg 300w\" sizes=\"auto, (max-width: 555px) 100vw, 555px\" \/><\/p>\n<\/div><\/div><\/div><div id=\"pgc-3505-2-1\"  class=\"panel-grid-cell\" ><div id=\"panel-3505-2-1-0\" class=\"so-panel widget widget_black-studio-tinymce widget_black_studio_tinymce panel-first-child panel-last-child\" data-index=\"3\" ><div class=\"textwidget\"><p><img loading=\"lazy\" decoding=\"async\" class=\"alignnone wp-image-7198 size-full\" src=\"https:\/\/aycekirdekci.com.tr\/tur\/wp-content\/uploads\/2019\/04\/tesis2.jpg\" alt=\"\" width=\"555\" height=\"327\" srcset=\"https:\/\/www.aycekirdekci.com.tr\/tur\/wp-content\/uploads\/2019\/04\/tesis2.jpg 555w, https:\/\/www.aycekirdekci.com.tr\/tur\/wp-content\/uploads\/2019\/04\/tesis2-300x177.jpg 300w\" sizes=\"auto, (max-width: 555px) 100vw, 555px\" \/><\/p>\n<\/div><\/div><\/div><\/div><\/div>","protected":false},"excerpt":{"rendered":"<p>Tanr\u0131verdi TesisleriFirmam\u0131z 8.000 m2 a\u00e7\u0131k alan, 2.500 m2 kapal\u0131 alanda \u00a0\u00fcretim hatt\u0131 \u00a04.000 ton depolama kapasitesine sahiptir. \u00dcretim hatt\u0131nda y\u0131ll\u0131k 4.000 ton \u00fcretim yapabilmektedir. Tesisimiz en son teknoloji ile donat\u0131lm\u0131\u015ft\u0131r. \u00d6ncelikle \u00fcr\u00fcnler kalite kontrol\u00fcnden ge\u00e7er ve analizleri yap\u0131l\u0131r. \u00d6n temizleme sonras\u0131nda depolan\u0131r. \u00c7erezlik ay\u00e7ekirde\u011fi \u00a0eleme ve kalibrasyon s\u00fcrecinden ge\u00e7er ve sonras\u0131nda b\u00fct\u00fcn yabanc\u0131 maddelerden ar\u0131nd\u0131r\u0131l\u0131r. [&hellip;]<\/p>\n","protected":false},"author":1,"featured_media":0,"parent":0,"menu_order":0,"comment_status":"closed","ping_status":"closed","template":"","meta":{"footnotes":""},"class_list":["post-3505","page","type-page","status-publish","hentry"],"_links":{"self":[{"href":"https:\/\/www.aycekirdekci.com.tr\/tur\/wp-json\/wp\/v2\/pages\/3505","targetHints":{"allow":["GET"]}}],"collection":[{"href":"https:\/\/www.aycekirdekci.com.tr\/tur\/wp-json\/wp\/v2\/pages"}],"about":[{"href":"https:\/\/www.aycekirdekci.com.tr\/tur\/wp-json\/wp\/v2\/types\/page"}],"author":[{"embeddable":true,"href":"https:\/\/www.aycekirdekci.com.tr\/tur\/wp-json\/wp\/v2\/users\/1"}],"replies":[{"embeddable":true,"href":"https:\/\/www.aycekirdekci.com.tr\/tur\/wp-json\/wp\/v2\/comments?post=3505"}],"version-history":[{"count":13,"href":"https:\/\/www.aycekirdekci.com.tr\/tur\/wp-json\/wp\/v2\/pages\/3505\/revisions"}],"predecessor-version":[{"id":7218,"href":"https:\/\/www.aycekirdekci.com.tr\/tur\/wp-json\/wp\/v2\/pages\/3505\/revisions\/7218"}],"wp:attachment":[{"href":"https:\/\/www.aycekirdekci.com.tr\/tur\/wp-json\/wp\/v2\/media?parent=3505"}],"curies":[{"name":"wp","href":"https:\/\/api.w.org\/{rel}","templated":true}]}}