{"id":921,"date":"2015-01-08T14:17:12","date_gmt":"2015-01-08T14:17:12","guid":{"rendered":"http:\/\/localhost:8888\/construction\/?page_id=2"},"modified":"2019-04-11T14:26:48","modified_gmt":"2019-04-11T11:26:48","slug":"urunlerimiz","status":"publish","type":"page","link":"https:\/\/www.aycekirdekci.com.tr\/tur\/urunlerimiz\/","title":{"rendered":"\u00dcr\u00fcnlerimiz"},"content":{"rendered":"<div id=\"pl-921\"  class=\"panel-layout\" ><div id=\"pg-921-0\"  class=\"panel-grid panel-no-style\" ><div id=\"pgc-921-0-0\"  class=\"panel-grid-cell\" ><div id=\"panel-921-0-0-0\" class=\"so-panel widget widget_text panel-first-child\" data-index=\"0\" ><h3 class=\"widget-title\"><span class=\"light\">Siyah<\/span> Ay\u00e7ekirde\u011fi<\/h3>\t\t\t<div class=\"textwidget\"><p><img loading=\"lazy\" decoding=\"async\" class=\"alignnone wp-image-7073 size-full\" src=\"https:\/\/aycekirdekci.com.tr\/tur\/wp-content\/uploads\/2019\/04\/aycekirdegi.jpg\" alt=\"\" width=\"360\" height=\"240\" srcset=\"https:\/\/www.aycekirdekci.com.tr\/tur\/wp-content\/uploads\/2019\/04\/aycekirdegi.jpg 360w, https:\/\/www.aycekirdekci.com.tr\/tur\/wp-content\/uploads\/2019\/04\/aycekirdegi-300x200.jpg 300w\" sizes=\"auto, (max-width: 360px) 100vw, 360px\" \/><\/p>\n<\/div>\n\t\t<\/div><div id=\"panel-921-0-0-1\" class=\"so-panel widget widget_black-studio-tinymce widget_black_studio_tinymce panel-last-child\" data-index=\"1\" ><div class=\"textwidget\"><h5>6 mm Ay\u00e7ekirde\u011fi<\/h5>\n<p>6 mm ve \u00fczeri boyutlarda ay\u00e7ekirde\u011fi<br \/>\nFiyat bilgisi i\u00e7in bizimle ileti\u015fime ge\u00e7iniz.<\/p>\n<h5>6.5 mm Ay\u00e7ekirde\u011fi<\/h5>\n<p>6.5 mm ve \u00fczeri boyutlarda ay\u00e7ekirde\u011fi<br \/>\nFiyat bilgisi i\u00e7in bizimle ileti\u015fime ge\u00e7iniz.<\/p>\n<h5>7 mm Ay\u00e7ekirde\u011fi<\/h5>\n<p>7 mm ve \u00fczeri boyutlarda ay\u00e7ekirde\u011fi<br \/>\nFiyat bilgisi i\u00e7in bizimle ileti\u015fime ge\u00e7iniz.<\/p>\n<h5>7.5 mm Ay\u00e7ekirde\u011fi<\/h5>\n<p>7.5 mm ve \u00fczeri boyutlarda ay\u00e7ekirde\u011fi<br \/>\nFiyat bilgisi i\u00e7in bizimle ileti\u015fime ge\u00e7iniz.<\/p>\n<h5>8 mm Ay\u00e7ekirde\u011fi<\/h5>\n<p>8 mm ve \u00fczeri boyutlarda ay\u00e7ekirde\u011fi<br \/>\nFiyat bilgisi i\u00e7in bizimle ileti\u015fime ge\u00e7iniz.<\/p>\n<\/div><\/div><\/div><div id=\"pgc-921-0-1\"  class=\"panel-grid-cell\" ><div id=\"panel-921-0-1-0\" class=\"so-panel widget widget_text panel-first-child\" data-index=\"2\" ><h3 class=\"widget-title\"><span class=\"light\">Beyaz<\/span> Ay\u00e7ekirde\u011fi<\/h3>\t\t\t<div class=\"textwidget\"><p><img loading=\"lazy\" decoding=\"async\" class=\"alignnone wp-image-7115 size-full\" src=\"https:\/\/aycekirdekci.com.tr\/tur\/wp-content\/uploads\/2019\/04\/baycekirdek.jpg\" alt=\"\" width=\"360\" height=\"240\" srcset=\"https:\/\/www.aycekirdekci.com.tr\/tur\/wp-content\/uploads\/2019\/04\/baycekirdek.jpg 360w, https:\/\/www.aycekirdekci.com.tr\/tur\/wp-content\/uploads\/2019\/04\/baycekirdek-300x200.jpg 300w\" sizes=\"auto, (max-width: 360px) 100vw, 360px\" \/><\/p>\n<\/div>\n\t\t<\/div><div id=\"panel-921-0-1-1\" class=\"so-panel widget widget_black-studio-tinymce widget_black_studio_tinymce panel-last-child\" data-index=\"3\" ><div class=\"textwidget\"><h5>6 mm Ay\u00e7ekirde\u011fi<\/h5>\n<p>6 mm ve \u00fczeri boyutlarda ay\u00e7ekirde\u011fi<br \/>\nFiyat bilgisi i\u00e7in bizimle ileti\u015fime ge\u00e7iniz.<\/p>\n<h5>6.5 mm Ay\u00e7ekirde\u011fi<\/h5>\n<p>6.5 mm ve \u00fczeri boyutlarda ay\u00e7ekirde\u011fi<br \/>\nFiyat bilgisi i\u00e7in bizimle ileti\u015fime ge\u00e7iniz.<\/p>\n<h5>7 mm Ay\u00e7ekirde\u011fi<\/h5>\n<p>7 mm ve \u00fczeri boyutlarda ay\u00e7ekirde\u011fi<br \/>\nFiyat bilgisi i\u00e7in bizimle ileti\u015fime ge\u00e7iniz.<\/p>\n<h5>7.5 mm Ay\u00e7ekirde\u011fi<\/h5>\n<p>7.5 mm ve \u00fczeri boyutlarda ay\u00e7ekirde\u011fi<br \/>\nFiyat bilgisi i\u00e7in bizimle ileti\u015fime ge\u00e7iniz.<\/p>\n<h5>8 mm Ay\u00e7ekirde\u011fi<\/h5>\n<p>8 mm ve \u00fczeri boyutlarda ay\u00e7ekirde\u011fi<br \/>\nFiyat bilgisi i\u00e7in bizimle ileti\u015fime ge\u00e7iniz.<\/p>\n<\/div><\/div><\/div><div id=\"pgc-921-0-2\"  class=\"panel-grid-cell\" ><div id=\"panel-921-0-2-0\" class=\"so-panel widget widget_text panel-first-child\" data-index=\"4\" ><h3 class=\"widget-title\"><span class=\"light\">Kabak<\/span> \u00c7ekirde\u011fi<\/h3>\t\t\t<div class=\"textwidget\"><p><img loading=\"lazy\" decoding=\"async\" class=\"alignnone wp-image-7082 size-full\" src=\"https:\/\/aycekirdekci.com.tr\/tur\/wp-content\/uploads\/2019\/04\/kabakcekirdegi.jpg\" alt=\"\" width=\"360\" height=\"240\" srcset=\"https:\/\/www.aycekirdekci.com.tr\/tur\/wp-content\/uploads\/2019\/04\/kabakcekirdegi.jpg 360w, https:\/\/www.aycekirdekci.com.tr\/tur\/wp-content\/uploads\/2019\/04\/kabakcekirdegi-300x200.jpg 300w\" sizes=\"auto, (max-width: 360px) 100vw, 360px\" \/><\/p>\n<\/div>\n\t\t<\/div><div id=\"panel-921-0-2-1\" class=\"so-panel widget widget_black-studio-tinymce widget_black_studio_tinymce panel-last-child\" data-index=\"5\" ><div class=\"textwidget\"><h5>9 mm Kabak \u00c7ekirde\u011fi<\/h5>\n<p>9 mm ve \u00fczeri boyutlarda kabak \u00e7ekirde\u011fi<br \/>\nFiyat bilgisi i\u00e7in bizimle ileti\u015fime ge\u00e7iniz.<\/p>\n<h5>9.5 mm Kabak \u00c7ekirde\u011fi<\/h5>\n<p>9.5 mm ve \u00fczeri boyutlarda kabak \u00e7ekirde\u011fi<br \/>\nFiyat bilgisi i\u00e7in bizimle ileti\u015fime ge\u00e7iniz.<\/p>\n<h5>10 mm Kabak \u00c7ekirde\u011fi<\/h5>\n<p>10 mm ve \u00fczeri boyutlarda kabak \u00e7ekirde\u011fi<br \/>\nFiyat bilgisi i\u00e7in bizimle ileti\u015fime ge\u00e7iniz.<\/p>\n<h5>11 mm Kabak \u00c7ekirde\u011fi<\/h5>\n<p>11 mm ve \u00fczeri boyutlarda kabak \u00e7ekirde\u011fi<br \/>\nFiyat bilgisi i\u00e7in bizimle ileti\u015fime ge\u00e7iniz.<\/p>\n<\/div><\/div><\/div><\/div><\/div>","protected":false},"excerpt":{"rendered":"<p>Siyah Ay\u00e7ekirde\u011fi 6 mm Ay\u00e7ekirde\u011fi 6 mm ve \u00fczeri boyutlarda ay\u00e7ekirde\u011fi Fiyat bilgisi i\u00e7in bizimle ileti\u015fime ge\u00e7iniz. 6.5 mm Ay\u00e7ekirde\u011fi 6.5 mm ve \u00fczeri boyutlarda ay\u00e7ekirde\u011fi Fiyat bilgisi i\u00e7in bizimle ileti\u015fime ge\u00e7iniz. 7 mm Ay\u00e7ekirde\u011fi 7 mm ve \u00fczeri boyutlarda ay\u00e7ekirde\u011fi Fiyat bilgisi i\u00e7in bizimle ileti\u015fime ge\u00e7iniz. 7.5 mm Ay\u00e7ekirde\u011fi 7.5 mm ve \u00fczeri boyutlarda [&hellip;]<\/p>\n","protected":false},"author":1,"featured_media":0,"parent":0,"menu_order":0,"comment_status":"closed","ping_status":"closed","template":"","meta":{"footnotes":""},"class_list":["post-921","page","type-page","status-publish","hentry"],"_links":{"self":[{"href":"https:\/\/www.aycekirdekci.com.tr\/tur\/wp-json\/wp\/v2\/pages\/921","targetHints":{"allow":["GET"]}}],"collection":[{"href":"https:\/\/www.aycekirdekci.com.tr\/tur\/wp-json\/wp\/v2\/pages"}],"about":[{"href":"https:\/\/www.aycekirdekci.com.tr\/tur\/wp-json\/wp\/v2\/types\/page"}],"author":[{"embeddable":true,"href":"https:\/\/www.aycekirdekci.com.tr\/tur\/wp-json\/wp\/v2\/users\/1"}],"replies":[{"embeddable":true,"href":"https:\/\/www.aycekirdekci.com.tr\/tur\/wp-json\/wp\/v2\/comments?post=921"}],"version-history":[{"count":11,"href":"https:\/\/www.aycekirdekci.com.tr\/tur\/wp-json\/wp\/v2\/pages\/921\/revisions"}],"predecessor-version":[{"id":7190,"href":"https:\/\/www.aycekirdekci.com.tr\/tur\/wp-json\/wp\/v2\/pages\/921\/revisions\/7190"}],"wp:attachment":[{"href":"https:\/\/www.aycekirdekci.com.tr\/tur\/wp-json\/wp\/v2\/media?parent=921"}],"curies":[{"name":"wp","href":"https:\/\/api.w.org\/{rel}","templated":true}]}}